{"id":1478,"date":"2021-12-21T08:50:45","date_gmt":"2021-12-21T08:50:45","guid":{"rendered":"https:\/\/startersites.io\/elementor\/homi\/?page_id=3"},"modified":"2025-06-29T00:58:24","modified_gmt":"2025-06-28T16:58:24","slug":"privacy-policy-2","status":"publish","type":"page","link":"https:\/\/unoticket.io\/de\/privacy-policy-2\/","title":{"rendered":"UnoTicket Datenschutzrichtlinie"},"content":{"rendered":"<h6 class=\"wp-block-heading\"><br>Zuletzt aktualisiert: [10. Januar 2025]<\/h6>\n\n\n\n<p><strong>1. <\/strong>Diese Richtlinie gilt f\u00fcr alle Transaktionen und die Datenverwaltung \u00fcber unoticket.io (\u201edie Plattform\u201c).<\/p>\n\n\n\n<p><strong>2. <\/strong>Wir k\u00f6nnen Folgendes erfassen: Pers\u00f6nliche Kennungen (Name, E-Mail, Telefonnummer) Zahlungsdetails (Kreditkartennummern, Zahlungskonten von Drittanbietern) Ger\u00e4teinformationen (IP-Adresse, Browsertyp) Nutzungsdaten (Browserverlauf, Transaktionsaufzeichnungen)<\/p>\n\n\n\n<p><strong>3.<\/strong>Die Daten werden f\u00fcr folgende Zwecke verwendet: Bearbeitung von Ticketbestellungen, Versand von Transaktionsbest\u00e4tigungen und Veranstaltungserinnerungen, Verbesserung der Website-Funktionalit\u00e4t, Verhinderung betr\u00fcgerischer Aktivit\u00e4ten<\/p>\n\n\n\n<p><strong>4.<\/strong>Informationen werden nur weitergegeben an: Veranstalter (zur Einlass\u00fcberpr\u00fcfung), Zahlungsabwickler, Justizbeh\u00f6rden, falls erforderlich<\/p>\n\n\n\n<p><strong>5. R\u00fcckerstattungs- und Umtauschrichtlinien<\/strong><br><strong>Alle \u00fcber unsere Plattform verkauften Tickets sind nicht erstattungsf\u00e4hig und nicht umtauschbar, sofern auf der veranstaltungsspezifischen Ticketkaufseite nicht ausdr\u00fccklich etwas anderes angegeben ist. <\/strong><strong>Bei Tickets, die wie beim Kauf angegeben f\u00fcr eine R\u00fcckerstattung\/einen Umtausch in Frage kommen, m\u00fcssen Benutzer die Anweisungen auf der entsprechenden Veranstaltungsseite befolgen, um den Vorgang abzuschlie\u00dfen. <\/strong><strong>R\u00fcckerstattungen\/Umtausch aufgrund h\u00f6herer Gewalt (z. B. Absage oder Verschiebung einer Veranstaltung) werden gem\u00e4\u00df den Richtlinien des Veranstalters und den geltenden Gesetzen abgewickelt.<\/strong><\/p>\n\n\n\n<p><strong>6. <\/strong>SSL-Verschl\u00fcsselung f\u00fcr die \u00dcbertragung sensibler Daten. Regelm\u00e4\u00dfige Sicherheits\u00fcberpr\u00fcfungen. Eingeschr\u00e4nkter Mitarbeiterzugriff<\/p>\n\n\n\n<p><strong>7. <\/strong>Sie haben das Recht: Zugriff auf oder L\u00f6schung personenbezogener Daten zu verlangen. Marketing-Mitteilungen abzulehnen. \u00dcber\u00a0\u00a0<a href=\"mailto:UNOTicket@unolab.io\">UNOTicket@unolab.io<\/a>\u00a0Beschwerden einreichen \u00fcber\u00a0<\/p>\n\n\n\n<p><strong>8. Ticketbedingungen<\/strong><\/p>\n\n\n\n<p>Dieses Ticket wird von UNOTicket (nachfolgend \u201eUT\u201c genannt) verkauft und ausgestellt. UT fungiert als Vermittler dieser Veranstaltung und ist f\u00fcr den Ticketverkauf und die Ticketausstellung im Auftrag der Organisation, des Managements oder des Veranstalters dieser Veranstaltung (nachfolgend \u201eVeranstalter\u201c genannt) verantwortlich. Daher tr\u00e4gt der Veranstalter im gesetzlich zul\u00e4ssigen Umfang alle Anspr\u00fcche ausschlie\u00dflich und ohne Haftung von UT.<\/p>\n\n\n\n<p>Nachfolgend sind die Verkaufsbedingungen aufgef\u00fchrt (einschlie\u00dflich Weiterverkauf oder \u00dcbertragung):<\/p>\n\n\n\n<ul class=\"wp-block-list\">\n<li>Der urspr\u00fcngliche K\u00e4ufer oder der endg\u00fcltige Ticketinhaber darf dieses Ticket ohne schriftliche Zustimmung von UT und dem Veranstalter weder zu einem h\u00f6heren Preis weiterverkaufen noch einen solchen anbieten (einschlie\u00dflich Online-Auktionen) und es auch nicht f\u00fcr Werbung, Verkaufsf\u00f6rderung oder andere kommerzielle Zwecke (einschlie\u00dflich Marktwettbewerb und Handelsf\u00f6rderung) oder als Werbung f\u00fcr andere Waren oder Dienstleistungen verwenden. Bei Verst\u00f6\u00dfen gegen diese Bestimmungen beim Verkauf oder der Nutzung wird das Ticket ohne R\u00fcckerstattung storniert und dem Inhaber der Zutritt verweigert. Ist das Ticket besch\u00e4digt, ver\u00e4ndert, gef\u00e4lscht oder in irgendeiner Form kopiert oder nicht bei UT oder anderen autorisierten Verkaufsstellen erworben, wird dem Inhaber ebenfalls der Zutritt verweigert.<\/li>\n\n\n\n<li>Au\u00dfer bei Verschiebung oder Absage der Veranstaltung sind alle Tickets nicht erstattungsf\u00e4hig, nicht umtauschbar und nicht r\u00fcckgabef\u00e4hig. Die Absage oder Verschiebung der Veranstaltung wird vom Veranstalter oder von UT \u00fcber die Medien bekannt gegeben. Im Falle einer R\u00fcckerstattung kann UT die Servicegeb\u00fchren im gesetzlich zul\u00e4ssigen Umfang einbehalten. (Weitere Informationen zu den R\u00fcckerstattungsrichtlinien von UT finden Sie unter\u00a0<a href=\"https:\/\/unoticket.io\/de\/\" target=\"_blank\" rel=\"noreferrer noopener\">www.unoticket.io<\/a>.) K\u00e4ufer tragen w\u00e4hrend ihrer Reise zum und vom Veranstaltungsort s\u00e4mtliche Verantwortung und Risiken. Das Unternehmen akzeptiert keine R\u00fcckerstattungs-, Umtausch- oder R\u00fcckgabeanfragen aufgrund von \u00c4nderungen, St\u00f6rungen, Aussetzungen, Verz\u00f6gerungen oder Stornierungen von Transport- oder \u00f6ffentlichen Verkehrsmitteln.<\/li>\n\n\n\n<li>UT beh\u00e4lt sich das Recht vor, \u00c4nderungen vorzunehmen, K\u00fcnstler zu ersetzen und\/oder Programme, Preise, Veranstaltungsorte, Sitzordnung und Zuschauerkapazit\u00e4t zu \u00e4ndern. UT ist berechtigt, f\u00fcr den Ticketersatz Servicegeb\u00fchren zu erheben. Bei fehlenden Sitzpl\u00e4tzen (nicht reservierte Tickets) oder wenn die Kundendaten nicht best\u00e4tigt werden k\u00f6nnen, beh\u00e4lt sich UT das Recht vor, den Ticketersatz zu verweigern. UT beh\u00e4lt sich das Recht vor, den Zutritt zum Veranstaltungsort zu gestatten. Kunden m\u00fcssen die vom Veranstalter und dem Veranstaltungsort festgelegten Zutrittsbestimmungen einhalten. Weitere Informationen zu den Zutrittsbedingungen finden Sie unter\u00a0<a href=\"https:\/\/unoticket.io\/de\/\" target=\"_blank\" rel=\"noreferrer noopener\">www.unoticket.io<\/a>. Dar\u00fcber hinaus wird versp\u00e4teten Besuchern m\u00f6glicherweise erst in der Pause der Zutritt gestattet. Mit Ausnahme von Personen, die zuvor vom Veranstalter oder dem Eigent\u00fcmer des Veranstaltungsortes genehmigt wurden, ist das Mitbringen von Kameras, Audiorecordern oder Videokameras in den Veranstaltungsort nicht gestattet. UT beh\u00e4lt sich das Recht vor, jede Veranstaltung zu \u00fcbertragen oder im Fernsehen zu \u00fcbertragen. Der Veranstalter\/Eigent\u00fcmer hat das Recht, das Bild des Ticketinhabers in Live-\u00dcbertragungen, Aufzeichnungen, Fotos oder Bildern zu verwenden. Alle Ticketverk\u00e4ufe unterliegen den Gesetzen Hongkongs, und Sie erkl\u00e4ren sich mit der ausschlie\u00dflichen Zust\u00e4ndigkeit der Gerichte Hongkongs einverstanden.<\/li>\n<\/ul>","protected":false},"excerpt":{"rendered":"<p>Last Updated: [January\/10\/2025] 1. This policy applies to all transactions and data management through unoticket.io (&#8220;the Platform&#8221;). 2. We may collect: Personal identifiers (name, email, phone number) Payment details (credit card numbers, third-party payment accounts) Device information (IP address, browser type) Usage data (browsing history, transaction records) 3.Data will be used to: Process ticket orders. [&hellip;]<\/p>","protected":false},"author":1,"featured_media":0,"parent":0,"menu_order":0,"comment_status":"closed","ping_status":"open","template":"","meta":{"footnotes":""},"class_list":["post-1478","page","type-page","status-publish","hentry"],"blocksy_meta":[],"_links":{"self":[{"href":"https:\/\/unoticket.io\/de\/wp-json\/wp\/v2\/pages\/1478","targetHints":{"allow":["GET"]}}],"collection":[{"href":"https:\/\/unoticket.io\/de\/wp-json\/wp\/v2\/pages"}],"about":[{"href":"https:\/\/unoticket.io\/de\/wp-json\/wp\/v2\/types\/page"}],"author":[{"embeddable":true,"href":"https:\/\/unoticket.io\/de\/wp-json\/wp\/v2\/users\/1"}],"replies":[{"embeddable":true,"href":"https:\/\/unoticket.io\/de\/wp-json\/wp\/v2\/comments?post=1478"}],"version-history":[{"count":12,"href":"https:\/\/unoticket.io\/de\/wp-json\/wp\/v2\/pages\/1478\/revisions"}],"predecessor-version":[{"id":2463,"href":"https:\/\/unoticket.io\/de\/wp-json\/wp\/v2\/pages\/1478\/revisions\/2463"}],"wp:attachment":[{"href":"https:\/\/unoticket.io\/de\/wp-json\/wp\/v2\/media?parent=1478"}],"curies":[{"name":"wp","href":"https:\/\/api.w.org\/{rel}","templated":true}]}}