{"id":1478,"date":"2021-12-21T08:50:45","date_gmt":"2021-12-21T08:50:45","guid":{"rendered":"https:\/\/startersites.io\/elementor\/homi\/?page_id=3"},"modified":"2025-06-29T00:58:24","modified_gmt":"2025-06-28T16:58:24","slug":"privacy-policy-2","status":"publish","type":"page","link":"https:\/\/unoticket.io\/es\/privacy-policy-2\/","title":{"rendered":"Pol\u00edtica de privacidad de UnoTicket"},"content":{"rendered":"<h6 class=\"wp-block-heading\"><br>\u00daltima actualizaci\u00f3n: [10\/01\/2025]<\/h6>\n\n\n\n<p><strong>1. <\/strong>Esta pol\u00edtica se aplica a todas las transacciones y gesti\u00f3n de datos a trav\u00e9s de unoticket.io (\u201cla Plataforma\u201d).<\/p>\n\n\n\n<p><strong>2. <\/strong>Podemos recopilar: Identificadores personales (nombre, correo electr\u00f3nico, n\u00famero de tel\u00e9fono) Detalles de pago (n\u00fameros de tarjetas de cr\u00e9dito, cuentas de pago de terceros) Informaci\u00f3n del dispositivo (direcci\u00f3n IP, tipo de navegador) Datos de uso (historial de navegaci\u00f3n, registros de transacciones)<\/p>\n\n\n\n<p><strong>3.<\/strong>Los datos se utilizar\u00e1n para: procesar pedidos de entradas, enviar confirmaciones de transacciones y recordatorios de eventos, mejorar la funcionalidad del sitio web y prevenir actividades fraudulentas.<\/p>\n\n\n\n<p><strong>4.<\/strong>La informaci\u00f3n se comparte \u00fanicamente con: Organizadores de eventos (para verificaci\u00f3n de admisi\u00f3n), procesadores de pagos y autoridades legales cuando sea necesario.<\/p>\n\n\n\n<p><strong>5. Pol\u00edtica de reembolso y cambio<\/strong><br><strong>Todas las entradas vendidas a trav\u00e9s de nuestra plataforma no son reembolsables ni intercambiables a menos que se indique expl\u00edcitamente lo contrario en la p\u00e1gina de compra de entradas del evento espec\u00edfico. <\/strong><strong>Para las entradas que sean elegibles para reembolsos o cambios seg\u00fan lo indicado durante la compra, los usuarios deben seguir las instrucciones proporcionadas en la p\u00e1gina del evento correspondiente para completar el proceso. <\/strong><strong>Los reembolsos\/cambios debidos a circunstancias de fuerza mayor (por ejemplo, cancelaci\u00f3n o reprogramaci\u00f3n de un evento) se manejar\u00e1n de acuerdo con las pol\u00edticas del organizador y las leyes aplicables.<\/strong><\/p>\n\n\n\n<p><strong>6. <\/strong>Cifrado SSL para la transmisi\u00f3n de datos confidenciales. Auditor\u00edas de seguridad peri\u00f3dicas. Acceso restringido para empleados.<\/p>\n\n\n\n<p><strong>7. <\/strong>Tiene derecho a: Solicitar el acceso o la eliminaci\u00f3n de sus datos personales. Excluirse de las comunicaciones de marketing. A trav\u00e9s de\u00a0\u00a0<a href=\"mailto:UNOTicket@unolab.io\">UNOTicket@unolab.io<\/a>\u00a0Presentar quejas a trav\u00e9s de\u00a0<\/p>\n\n\n\n<p><strong>8. Condiciones de venta de entradas<\/strong><\/p>\n\n\n\n<p>Esta entrada es vendida y emitida por UNOTicket (en adelante, \u00abUT\u00bb). UT act\u00faa como agente de este evento, responsable de la venta y emisi\u00f3n de entradas en nombre de la organizaci\u00f3n, gesti\u00f3n o promotora del mismo (en conjunto, el \u00abOrganizador\u00bb). Por lo tanto, todas las reclamaciones ser\u00e1n asumidas exclusivamente por el Organizador en la medida permitida por la ley, y UT no asumir\u00e1 ninguna responsabilidad.<\/p>\n\n\n\n<p>Los siguientes son los t\u00e9rminos de venta (incluida cualquier reventa o transferencia):<\/p>\n\n\n\n<ul class=\"wp-block-list\">\n<li>El comprador original o el titular final de la entrada no podr\u00e1 revender ni proponer la reventa de esta entrada con un sobreprecio (incluidas las subastas en l\u00ednea) sin el consentimiento por escrito de UT y del Organizador, ni utilizarla con fines publicitarios, promocionales o comerciales (incluidas las promociones de mercado y comerciales), ni para promocionar otros bienes o servicios. Si se incumple esta condici\u00f3n durante la venta o el uso, la entrada se cancelar\u00e1 sin reembolso y se denegar\u00e1 la entrada al titular. Si la entrada est\u00e1 da\u00f1ada, alterada, falsificada o copiada de cualquier forma, o no se ha adquirido en UT u otros puntos de venta autorizados, tambi\u00e9n se denegar\u00e1 la entrada al titular.<\/li>\n\n\n\n<li>Salvo en caso de aplazamiento o cancelaci\u00f3n del evento, las entradas no son reembolsables, intercambiables ni retornables. El Organizador o la UT notificar\u00e1n la cancelaci\u00f3n o aplazamiento del evento a trav\u00e9s de los medios de comunicaci\u00f3n. Si se concede un reembolso, la UT podr\u00e1 retener los cargos por servicio en la medida permitida por la ley. (Para obtener m\u00e1s informaci\u00f3n sobre la pol\u00edtica de reembolsos de la UT, visite\u00a0<a href=\"https:\/\/unoticket.io\/es\/\" target=\"_blank\" rel=\"noreferrer noopener\">www.unoticket.io<\/a>.) Purchasers shall bear all responsibilities and risks during their travel to and from the venue; the company will not accept any requests for refunds, exchanges, or returns due to changes, disruptions, suspensions, delays, or cancellations of transportation or public transit services.<\/li>\n\n\n\n<li>UT se reserva el derecho de modificar, reorganizar, reemplazar artistas y\/o cambiar programas, precios, recintos, disposici\u00f3n de asientos y aforo. UT se reserva el derecho de cobrar cargos por el reemplazo de entradas. En casos sin asientos asignados (entradas no reservadas) o cuando no se puedan confirmar los datos del cliente, UT se reserva el derecho de rechazar el reemplazo de entradas. UT se reserva el derecho de permitir la entrada al recinto, y los clientes deben cumplir con las normas de entrada establecidas por el Organizador y el recinto. Para m\u00e1s informaci\u00f3n sobre las condiciones de entrada, visite\u00a0<a href=\"https:\/\/unoticket.io\/es\/\" target=\"_blank\" rel=\"noreferrer noopener\">www.unoticket.io<\/a>Adem\u00e1s, a los clientes que lleguen tarde solo se les permitir\u00e1 la entrada durante el intermedio. Salvo las personas autorizadas previamente por el Organizador o el propietario del recinto, nadie podr\u00e1 ingresar al recinto con c\u00e1maras, grabadoras de audio o video. UT se reserva el derecho de transmitir o televisar cualquier evento; el Organizador o el propietario del recinto se reserva el derecho de usar la imagen del titular de la entrada en cualquier transmisi\u00f3n en vivo, grabaci\u00f3n, fotograf\u00eda o imagen. La venta de entradas se rige por las leyes de Hong Kong, y usted acepta someterse a la jurisdicci\u00f3n exclusiva de los tribunales de Hong Kong.<\/li>\n<\/ul>","protected":false},"excerpt":{"rendered":"<p>Last Updated: [January\/10\/2025] 1. This policy applies to all transactions and data management through unoticket.io (&#8220;the Platform&#8221;). 2. We may collect: Personal identifiers (name, email, phone number) Payment details (credit card numbers, third-party payment accounts) Device information (IP address, browser type) Usage data (browsing history, transaction records) 3.Data will be used to: Process ticket orders. [&hellip;]<\/p>","protected":false},"author":1,"featured_media":0,"parent":0,"menu_order":0,"comment_status":"closed","ping_status":"open","template":"","meta":{"footnotes":""},"class_list":["post-1478","page","type-page","status-publish","hentry"],"blocksy_meta":[],"_links":{"self":[{"href":"https:\/\/unoticket.io\/es\/wp-json\/wp\/v2\/pages\/1478","targetHints":{"allow":["GET"]}}],"collection":[{"href":"https:\/\/unoticket.io\/es\/wp-json\/wp\/v2\/pages"}],"about":[{"href":"https:\/\/unoticket.io\/es\/wp-json\/wp\/v2\/types\/page"}],"author":[{"embeddable":true,"href":"https:\/\/unoticket.io\/es\/wp-json\/wp\/v2\/users\/1"}],"replies":[{"embeddable":true,"href":"https:\/\/unoticket.io\/es\/wp-json\/wp\/v2\/comments?post=1478"}],"version-history":[{"count":12,"href":"https:\/\/unoticket.io\/es\/wp-json\/wp\/v2\/pages\/1478\/revisions"}],"predecessor-version":[{"id":2463,"href":"https:\/\/unoticket.io\/es\/wp-json\/wp\/v2\/pages\/1478\/revisions\/2463"}],"wp:attachment":[{"href":"https:\/\/unoticket.io\/es\/wp-json\/wp\/v2\/media?parent=1478"}],"curies":[{"name":"wp","href":"https:\/\/api.w.org\/{rel}","templated":true}]}}