{"id":1478,"date":"2021-12-21T08:50:45","date_gmt":"2021-12-21T08:50:45","guid":{"rendered":"https:\/\/startersites.io\/elementor\/homi\/?page_id=3"},"modified":"2025-06-29T00:58:24","modified_gmt":"2025-06-28T16:58:24","slug":"privacy-policy-2","status":"publish","type":"page","link":"https:\/\/unoticket.io\/it\/privacy-policy-2\/","title":{"rendered":"Informativa sulla privacy di UnoTicket"},"content":{"rendered":"<h6 class=\"wp-block-heading\"><br>Ultimo aggiornamento: [10\/01\/2025]<\/h6>\n\n\n\n<p><strong>1. <\/strong>La presente politica si applica a tutte le transazioni e alla gestione dei dati tramite unoticket.io (\"la Piattaforma\").<\/p>\n\n\n\n<p><strong>2. <\/strong>Potremmo raccogliere: Identificatori personali (nome, e-mail, numero di telefono) Dettagli di pagamento (numeri di carte di credito, account di pagamento di terze parti) Informazioni sul dispositivo (indirizzo IP, tipo di browser) Dati di utilizzo (cronologia di navigazione, registri delle transazioni)<\/p>\n\n\n\n<p><strong>3.<\/strong>I dati saranno utilizzati per: Elaborare gli ordini dei biglietti. Inviare conferme di transazione e promemoria degli eventi. Migliorare la funzionalit\u00e0 del sito web. Prevenire attivit\u00e0 fraudolente.<\/p>\n\n\n\n<p><strong>4.<\/strong>Le informazioni vengono condivise solo con: Organizzatori dell'evento (per la verifica dell'ammissione), Elaboratori di pagamento, Autorit\u00e0 giudiziarie quando richiesto.<\/p>\n\n\n\n<p><strong>5. Politica di rimborso e cambio<\/strong><br><strong>Tutti i biglietti venduti tramite la nostra piattaforma non sono rimborsabili n\u00e9 modificabili, salvo diversa indicazione esplicita nella pagina di acquisto dei biglietti specifica per l'evento. <\/strong><strong>Per i biglietti che possono essere rimborsati o cambiati come indicato durante l'acquisto, gli utenti devono seguire le istruzioni fornite nella pagina dell'evento pertinente per completare la procedura. <\/strong><strong>Per i biglietti che possono essere rimborsati o cambiati come indicato durante l'acquisto, gli utenti devono seguire le istruzioni fornite nella pagina dell'evento pertinente per completare la procedura.<\/strong><\/p>\n\n\n\n<p><strong>6. <\/strong>Crittografia SSL per la trasmissione di dati sensibili. Controlli di sicurezza regolari. Accesso limitato ai dipendenti.<\/p>\n\n\n\n<p><strong>7. <\/strong>Hai il diritto di: Richiedere l'accesso o la cancellazione dei dati personali Opt-out dalle comunicazioni di marketing. Tramite\u00a0\u00a0<a href=\"mailto:UNOTicket@unolab.io\">UNOTicket@unolab.io<\/a>\u00a0Presentare reclami tramite\u00a0<\/p>\n\n\n\n<p><strong>8. Termini di vendita dei biglietti<\/strong><\/p>\n\n\n\n<p>Questo biglietto \u00e8 venduto ed emesso da UNOTicket (di seguito \"UT\"). UT agisce in qualit\u00e0 di agente per questo evento, responsabile della fornitura di servizi di vendita ed emissione dei biglietti per conto dell'organizzazione, della gestione o del promotore di questo evento (collettivamente denominati \"Organizzatore\"). Pertanto, tutti i reclami saranno a carico esclusivo dell'Organizzatore nella misura consentita dalla legge, e UT non si assume alcuna responsabilit\u00e0.<\/p>\n\n\n\n<p>Di seguito sono riportate le condizioni di vendita (inclusa qualsiasi rivendita o trasferimento):<\/p>\n\n\n\n<ul class=\"wp-block-list\">\n<li>L'acquirente originale o qualsiasi altro possessore finale del biglietto non pu\u00f2 rivendere o proporre di rivendere questo biglietto a un prezzo maggiorato (incluse le aste online) senza il consenso scritto di UT e dell'Organizzatore, n\u00e9 utilizzarlo per pubblicit\u00e0, promozione o altri scopi commerciali (inclusi concorsi di mercato e promozioni commerciali), n\u00e9 come promozione di altri beni o servizi. In caso di violazione di questo termine nella vendita o nell'utilizzo, il biglietto verr\u00e0 annullato senza rimborso e al possessore verr\u00e0 negato l'ingresso. Se il biglietto risulta danneggiato, alterato, contraffatto o copiato in qualsiasi forma, o non acquistato presso UT o altri punti vendita autorizzati, al possessore verr\u00e0 negato l'ingresso.<\/li>\n\n\n\n<li>Fatta eccezione per il rinvio o l'annullamento dell'evento, tutti i biglietti non sono rimborsabili, modificabili o restituibili; l'Organizzatore o UT ne daranno comunicazione tramite i media. Qualora venga concesso un rimborso, UT potrebbe trattenere le commissioni di servizio nella misura consentita dalla legge. (Per i dettagli sulla politica di rimborso di UT, visitare il sito\u00a0<a href=\"https:\/\/unoticket.io\/it\/\" target=\"_blank\" rel=\"noreferrer noopener\">www.unoticket.io<\/a>.) Purchasers shall bear all responsibilities and risks during their travel to and from the venue; the company will not accept any requests for refunds, exchanges, or returns due to changes, disruptions, suspensions, delays, or cancellations of transportation or public transit services.<\/li>\n\n\n\n<li>UT si riserva il diritto di modificare, riorganizzare, sostituire gli artisti e\/o modificare programmi, prezzi, sedi, disposizione dei posti e capienza del pubblico. UT si riserva il diritto di addebitare costi di servizio per la sostituzione dei biglietti. In caso di posti a sedere non assegnati (biglietti non prenotati) o qualora i dati del cliente non possano essere confermati, UT si riserva il diritto di rifiutare la sostituzione dei biglietti. UT si riserva il diritto di consentire l'ingresso al luogo dell'evento, e i clienti sono tenuti a rispettare le norme di ingresso stabilite dall'Organizzatore e dal luogo dell'evento. Per i dettagli sulle condizioni di ingresso, visitare il sito\u00a0<a href=\"https:\/\/unoticket.io\/it\/\" target=\"_blank\" rel=\"noreferrer noopener\">www.unoticket.io<\/a>Inoltre, ai clienti in ritardo potrebbe essere consentito l'ingresso solo durante l'intervallo. Ad eccezione delle persone preventivamente autorizzate dall'Organizzatore o dal proprietario della sede, nessuno pu\u00f2 portare telecamere, registratori audio o videocamere all'interno della sede. UT si riserva il diritto di trasmettere o trasmettere in televisione qualsiasi evento; l'Organizzatore\/proprietario della sede ha il diritto di utilizzare l'immagine del titolare del biglietto in qualsiasi trasmissione in diretta, registrazione, fotografia o immagine. Tutte le vendite di biglietti sono regolate dalle leggi di Hong Kong e l'utente accetta di sottoporsi alla giurisdizione esclusiva dei tribunali di Hong Kong.<\/li>\n<\/ul>","protected":false},"excerpt":{"rendered":"<p>Last Updated: [January\/10\/2025] 1. This policy applies to all transactions and data management through unoticket.io (&#8220;the Platform&#8221;). 2. We may collect: Personal identifiers (name, email, phone number) Payment details (credit card numbers, third-party payment accounts) Device information (IP address, browser type) Usage data (browsing history, transaction records) 3.Data will be used to: Process ticket orders. [&hellip;]<\/p>","protected":false},"author":1,"featured_media":0,"parent":0,"menu_order":0,"comment_status":"closed","ping_status":"open","template":"","meta":{"footnotes":""},"class_list":["post-1478","page","type-page","status-publish","hentry"],"blocksy_meta":[],"_links":{"self":[{"href":"https:\/\/unoticket.io\/it\/wp-json\/wp\/v2\/pages\/1478","targetHints":{"allow":["GET"]}}],"collection":[{"href":"https:\/\/unoticket.io\/it\/wp-json\/wp\/v2\/pages"}],"about":[{"href":"https:\/\/unoticket.io\/it\/wp-json\/wp\/v2\/types\/page"}],"author":[{"embeddable":true,"href":"https:\/\/unoticket.io\/it\/wp-json\/wp\/v2\/users\/1"}],"replies":[{"embeddable":true,"href":"https:\/\/unoticket.io\/it\/wp-json\/wp\/v2\/comments?post=1478"}],"version-history":[{"count":12,"href":"https:\/\/unoticket.io\/it\/wp-json\/wp\/v2\/pages\/1478\/revisions"}],"predecessor-version":[{"id":2463,"href":"https:\/\/unoticket.io\/it\/wp-json\/wp\/v2\/pages\/1478\/revisions\/2463"}],"wp:attachment":[{"href":"https:\/\/unoticket.io\/it\/wp-json\/wp\/v2\/media?parent=1478"}],"curies":[{"name":"wp","href":"https:\/\/api.w.org\/{rel}","templated":true}]}}