{"id":1478,"date":"2021-12-21T08:50:45","date_gmt":"2021-12-21T08:50:45","guid":{"rendered":"https:\/\/startersites.io\/elementor\/homi\/?page_id=3"},"modified":"2025-06-29T00:58:24","modified_gmt":"2025-06-28T16:58:24","slug":"privacy-policy-2","status":"publish","type":"page","link":"https:\/\/unoticket.io\/pt\/privacy-policy-2\/","title":{"rendered":"Pol\u00edtica de Privacidade da UnoTicket"},"content":{"rendered":"<h6 class=\"wp-block-heading\"><br>\u00daltima atualiza\u00e7\u00e3o: [10\/01\/2025]<\/h6>\n\n\n\n<p><strong>1. <\/strong>Esta pol\u00edtica aplica-se a todas as transa\u00e7\u00f5es e gest\u00e3o de dados atrav\u00e9s do unoticket.io (\u201ca Plataforma\u201d).<\/p>\n\n\n\n<p><strong>2. <\/strong>Podemos recolher: Identificadores pessoais (nome, e-mail, n\u00famero de telefone) Detalhes de pagamento (n\u00fameros de cart\u00e3o de cr\u00e9dito, contas de pagamento de terceiros) Informa\u00e7\u00f5es do dispositivo (endere\u00e7o IP, tipo de browser) Dados de utiliza\u00e7\u00e3o (hist\u00f3rico de navega\u00e7\u00e3o, registos de transa\u00e7\u00f5es)<\/p>\n\n\n\n<p><strong>3.<\/strong>Os dados ser\u00e3o utilizados para: Processar pedidos de bilhetes. Enviar confirma\u00e7\u00f5es de transa\u00e7\u00f5es e lembretes de eventos. Melhorar a funcionalidade do site. Prevenir atividades fraudulentas.<\/p>\n\n\n\n<p><strong>4.<\/strong>As informa\u00e7\u00f5es s\u00e3o partilhadas apenas com: Organizadores do evento (para verifica\u00e7\u00e3o de admiss\u00e3o). Processadores de pagamento. Autoridades legais, quando necess\u00e1rio.<\/p>\n\n\n\n<p><strong>5. Pol\u00edtica de Reembolso e Troca<\/strong><br><strong>Todos os bilhetes vendidos pela nossa plataforma n\u00e3o s\u00e3o reembols\u00e1veis \u200b\u200bnem troc\u00e1veis, a menos que seja explicitamente declarado o contr\u00e1rio na p\u00e1gina de compra de bilhetes espec\u00edfica do evento. <\/strong><strong>Para bilhetes eleg\u00edveis para reembolsos\/trocas, conforme indicado durante a compra, os utilizadores devem seguir as instru\u00e7\u00f5es fornecidas na p\u00e1gina do evento relevante para completar o processo. <\/strong><strong>Os reembolsos\/trocas devido a circunst\u00e2ncias de for\u00e7a maior (por exemplo, cancelamento ou reagendamento de eventos) ser\u00e3o tratados de acordo com as pol\u00edticas do organizador e as leis aplic\u00e1veis.<\/strong><\/p>\n\n\n\n<p><strong>6. <\/strong>Encripta\u00e7\u00e3o SSL para transmiss\u00e3o de dados confidenciais. Auditorias de seguran\u00e7a regulares. Acesso restrito de colaboradores.<\/p>\n\n\n\n<p><strong>7. <\/strong>Tem o direito de: Solicitar o acesso ou a elimina\u00e7\u00e3o de dados pessoais. Optar por n\u00e3o receber comunica\u00e7\u00f5es de marketing. Via\u00a0\u00a0<a href=\"mailto:UNOTicket@unolab.io\">UNOTicket@unolab.io<\/a>\u00a0Registe as reclama\u00e7\u00f5es atrav\u00e9s de\u00a0<\/p>\n\n\n\n<p><strong>8. Termos de emiss\u00e3o de bilhetes<\/strong><\/p>\n\n\n\n<p>Este bilhete \u00e9 vendido e emitido pela UNOTicket (doravante designada por \"UT\"). A UT atua como agente deste evento, respons\u00e1vel pela presta\u00e7\u00e3o de servi\u00e7os de venda e emiss\u00e3o de bilhetes em nome da organiza\u00e7\u00e3o, dire\u00e7\u00e3o ou promotor deste evento (coletivamente designados por \"Organizador\"). Assim, todas as reclama\u00e7\u00f5es ser\u00e3o da exclusiva responsabilidade da Organizadora, na medida do permitido por lei, e a UT n\u00e3o assumir\u00e1 qualquer responsabilidade.<\/p>\n\n\n\n<p>A seguir s\u00e3o apresentados os termos de venda (incluindo qualquer revenda ou transfer\u00eancia):<\/p>\n\n\n\n<ul class=\"wp-block-list\">\n<li>O comprador original ou qualquer detentor final do bilhete n\u00e3o poder\u00e1 revender ou propor a revenda deste bilhete a um pre\u00e7o superior (incluindo leil\u00f5es online) sem o consentimento por escrito da UT e do Organizador, nem utiliz\u00e1-lo para publicidade, promo\u00e7\u00e3o ou quaisquer outros fins comerciais (incluindo concorr\u00eancia de mercado e promo\u00e7\u00f5es comerciais), ou como promo\u00e7\u00e3o de outros bens ou servi\u00e7os. Se este termo for violado na venda ou utiliza\u00e7\u00e3o, o bilhete ser\u00e1 cancelado sem direito a reembolso e a entrada do detentor ser\u00e1 negada. Se o bilhete for danificado, alterado, falsificado ou copiado de qualquer forma, ou n\u00e3o for adquirido na UT ou noutros pontos de venda autorizados, a entrada do detentor tamb\u00e9m ser\u00e1 negada.<\/li>\n\n\n\n<li>Exceto em caso de adiamento ou cancelamento do evento, todos os bilhetes n\u00e3o s\u00e3o reembols\u00e1veis, n\u00e3o podem ser trocados e n\u00e3o podem ser devolvidos; o cancelamento ou adiamento do evento ser\u00e1 comunicado pelo Organizador ou pela UT atrav\u00e9s dos meios de comunica\u00e7\u00e3o social. Caso o reembolso seja permitido, a UT poder\u00e1 reter as taxas de servi\u00e7o na medida do permitido por lei. (Para obter detalhes sobre a pol\u00edtica de reembolso da UT, visite\u00a0<a href=\"https:\/\/unoticket.io\/pt\/\" target=\"_blank\" rel=\"noreferrer noopener\">www.unoticket.io<\/a>.) Os compradores suportar\u00e3o todas as responsabilidades e riscos durante a viagem de ida e volta ao local; a empresa n\u00e3o aceitar\u00e1 qualquer pedido de reembolso, troca ou devolu\u00e7\u00e3o devido a altera\u00e7\u00f5es, interrup\u00e7\u00f5es, suspens\u00f5es, atrasos ou cancelamentos de transportes ou servi\u00e7os de transporte p\u00fablico.<\/li>\n\n\n\n<li>A UT reserva-se o direito de modificar, reorganizar, substituir os artistas e\/ou alterar programas, pre\u00e7os, locais, disposi\u00e7\u00f5es de lugares e lota\u00e7\u00e3o do p\u00fablico. A UT reserva-se o direito de cobrar taxas de servi\u00e7o para a substitui\u00e7\u00e3o de bilhetes. Nos casos sem lugares marcados (bilhetes n\u00e3o reservados) ou quando os dados do cliente n\u00e3o possam ser confirmados, a UT reserva-se o direito de recusar a substitui\u00e7\u00e3o de bilhetes. A UT reserva-se o direito de permitir a entrada no recinto, devendo os clientes cumprir as regras de entrada estabelecidas pelo Organizador e pelo recinto. Para obter detalhes sobre os termos de entrada, visite\u00a0<a href=\"https:\/\/unoticket.io\/pt\/\" target=\"_blank\" rel=\"noreferrer noopener\">www.unoticket.io<\/a>Al\u00e9m disso, os clientes atrasados \u200b\u200bs\u00f3 poder\u00e3o entrar durante o intervalo. Exceto pessoas previamente aprovadas pelo Organizador ou pelo propriet\u00e1rio do local, ningu\u00e9m poder\u00e1 trazer para o local c\u00e2maras, gravadores de \u00e1udio ou c\u00e2maras de v\u00eddeo. A UT reserva-se o direito de transmitir ou televisionar qualquer evento; o Organizador\/propriet\u00e1rio do local tem o direito de utilizar a imagem do portador do bilhete em qualquer transmiss\u00e3o em direto, grava\u00e7\u00e3o, fotografia ou imagem. Todas as vendas de bilhetes s\u00e3o regidas pelas leis de Hong Kong, e concorda em submeter-se \u00e0 jurisdi\u00e7\u00e3o exclusiva dos tribunais de Hong Kong.<\/li>\n<\/ul>","protected":false},"excerpt":{"rendered":"<p>Last Updated: [January\/10\/2025] 1. This policy applies to all transactions and data management through unoticket.io (&#8220;the Platform&#8221;). 2. We may collect: Personal identifiers (name, email, phone number) Payment details (credit card numbers, third-party payment accounts) Device information (IP address, browser type) Usage data (browsing history, transaction records) 3.Data will be used to: Process ticket orders. [&hellip;]<\/p>","protected":false},"author":1,"featured_media":0,"parent":0,"menu_order":0,"comment_status":"closed","ping_status":"open","template":"","meta":{"footnotes":""},"class_list":["post-1478","page","type-page","status-publish","hentry"],"blocksy_meta":[],"_links":{"self":[{"href":"https:\/\/unoticket.io\/pt\/wp-json\/wp\/v2\/pages\/1478","targetHints":{"allow":["GET"]}}],"collection":[{"href":"https:\/\/unoticket.io\/pt\/wp-json\/wp\/v2\/pages"}],"about":[{"href":"https:\/\/unoticket.io\/pt\/wp-json\/wp\/v2\/types\/page"}],"author":[{"embeddable":true,"href":"https:\/\/unoticket.io\/pt\/wp-json\/wp\/v2\/users\/1"}],"replies":[{"embeddable":true,"href":"https:\/\/unoticket.io\/pt\/wp-json\/wp\/v2\/comments?post=1478"}],"version-history":[{"count":12,"href":"https:\/\/unoticket.io\/pt\/wp-json\/wp\/v2\/pages\/1478\/revisions"}],"predecessor-version":[{"id":2463,"href":"https:\/\/unoticket.io\/pt\/wp-json\/wp\/v2\/pages\/1478\/revisions\/2463"}],"wp:attachment":[{"href":"https:\/\/unoticket.io\/pt\/wp-json\/wp\/v2\/media?parent=1478"}],"curies":[{"name":"wp","href":"https:\/\/api.w.org\/{rel}","templated":true}]}}