{"id":1478,"date":"2021-12-21T08:50:45","date_gmt":"2021-12-21T08:50:45","guid":{"rendered":"https:\/\/startersites.io\/elementor\/homi\/?page_id=3"},"modified":"2025-06-29T00:58:24","modified_gmt":"2025-06-28T16:58:24","slug":"privacy-policy-2","status":"publish","type":"page","link":"https:\/\/unoticket.io\/vi\/privacy-policy-2\/","title":{"rendered":"Ch\u00ednh s\u00e1ch b\u1ea3o m\u1eadt c\u1ee7a UnoTicket"},"content":{"rendered":"<h6 class=\"wp-block-heading\"><br>C\u1eadp nh\u1eadt l\u1ea7n cu\u1ed1i: [10\/01\/2025]<\/h6>\n\n\n\n<p><strong>1. <\/strong>Ch\u00ednh s\u00e1ch n\u00e0y \u00e1p d\u1ee5ng cho m\u1ecdi giao d\u1ecbch v\u00e0 qu\u1ea3n l\u00fd d\u1eef li\u1ec7u th\u00f4ng qua unoticket.io (\u201cN\u1ec1n t\u1ea3ng\u201d).<\/p>\n\n\n\n<p><strong>2. <\/strong>Ch\u00fang t\u00f4i c\u00f3 th\u1ec3 thu th\u1eadp: Th\u00f4ng tin nh\u1eadn d\u1ea1ng c\u00e1 nh\u00e2n (t\u00ean, email, s\u1ed1 \u0111i\u1ec7n tho\u1ea1i) Chi ti\u1ebft thanh to\u00e1n (s\u1ed1 th\u1ebb t\u00edn d\u1ee5ng, t\u00e0i kho\u1ea3n thanh to\u00e1n c\u1ee7a b\u00ean th\u1ee9 ba) Th\u00f4ng tin thi\u1ebft b\u1ecb (\u0111\u1ecba ch\u1ec9 IP, lo\u1ea1i tr\u00ecnh duy\u1ec7t) D\u1eef li\u1ec7u s\u1eed d\u1ee5ng (l\u1ecbch s\u1eed duy\u1ec7t web, h\u1ed3 s\u01a1 giao d\u1ecbch)<\/p>\n\n\n\n<p><strong>3.<\/strong>D\u1eef li\u1ec7u s\u1ebd \u0111\u01b0\u1ee3c s\u1eed d\u1ee5ng \u0111\u1ec3: X\u1eed l\u00fd \u0111\u01a1n \u0111\u1eb7t h\u00e0ng v\u00e9. G\u1eedi x\u00e1c nh\u1eadn giao d\u1ecbch v\u00e0 nh\u1eafc nh\u1edf s\u1ef1 ki\u1ec7n. C\u1ea3i thi\u1ec7n ch\u1ee9c n\u0103ng c\u1ee7a trang web. Ng\u0103n ch\u1eb7n c\u00e1c ho\u1ea1t \u0111\u1ed9ng gian l\u1eadn<\/p>\n\n\n\n<p><strong>4.<\/strong>Th\u00f4ng tin ch\u1ec9 \u0111\u01b0\u1ee3c chia s\u1ebb v\u1edbi: Ng\u01b0\u1eddi t\u1ed5 ch\u1ee9c s\u1ef1 ki\u1ec7n (\u0111\u1ec3 x\u00e1c minh vi\u1ec7c nh\u1eadp h\u1ecdc). B\u1ed9 x\u1eed l\u00fd thanh to\u00e1n. C\u01a1 quan ph\u00e1p l\u00fd khi c\u1ea7n thi\u1ebft<\/p>\n\n\n\n<p><strong>5. Ch\u00ednh s\u00e1ch ho\u00e0n ti\u1ec1n v\u00e0 \u0111\u1ed5i tr\u1ea3<\/strong><br><strong>T\u1ea5t c\u1ea3 v\u00e9 \u0111\u01b0\u1ee3c b\u00e1n qua n\u1ec1n t\u1ea3ng c\u1ee7a ch\u00fang t\u00f4i \u0111\u1ec1u kh\u00f4ng \u0111\u01b0\u1ee3c ho\u00e0n l\u1ea1i v\u00e0 kh\u00f4ng \u0111\u01b0\u1ee3c \u0111\u1ed5i tr\u1eeb khi c\u00f3 quy \u0111\u1ecbnh r\u00f5 r\u00e0ng kh\u00e1c tr\u00ean trang mua v\u00e9 c\u1ee7a s\u1ef1 ki\u1ec7n c\u1ee5 th\u1ec3. <\/strong><strong>\u0110\u1ed1i v\u1edbi v\u00e9 \u0111\u1ee7 \u0111i\u1ec1u ki\u1ec7n \u0111\u01b0\u1ee3c ho\u00e0n ti\u1ec1n\/\u0111\u1ed5i nh\u01b0 \u0111\u00e3 n\u00eau khi mua, ng\u01b0\u1eddi d\u00f9ng ph\u1ea3i l\u00e0m theo h\u01b0\u1edbng d\u1eabn \u0111\u01b0\u1ee3c cung c\u1ea5p tr\u00ean trang s\u1ef1 ki\u1ec7n c\u00f3 li\u00ean quan \u0111\u1ec3 ho\u00e0n t\u1ea5t quy tr\u00ecnh. <\/strong><strong>Vi\u1ec7c ho\u00e0n ti\u1ec1n\/\u0111\u1ed5i h\u00e0ng do c\u00e1c tr\u01b0\u1eddng h\u1ee3p b\u1ea5t kh\u1ea3 kh\u00e1ng (v\u00ed d\u1ee5: h\u1ee7y s\u1ef1 ki\u1ec7n ho\u1eb7c l\u00ean l\u1ecbch l\u1ea1i) s\u1ebd \u0111\u01b0\u1ee3c x\u1eed l\u00fd theo ch\u00ednh s\u00e1ch c\u1ee7a \u0111\u01a1n v\u1ecb t\u1ed5 ch\u1ee9c v\u00e0 lu\u1eadt hi\u1ec7n h\u00e0nh.<\/strong><\/p>\n\n\n\n<p><strong>6. <\/strong>M\u00e3 h\u00f3a SSL \u0111\u1ec3 truy\u1ec1n d\u1eef li\u1ec7u nh\u1ea1y c\u1ea3m. Ki\u1ec3m tra b\u1ea3o m\u1eadt th\u01b0\u1eddng xuy\u00ean. Quy\u1ec1n truy c\u1eadp c\u1ee7a nh\u00e2n vi\u00ean b\u1ecb h\u1ea1n ch\u1ebf<\/p>\n\n\n\n<p><strong>7. <\/strong>B\u1ea1n c\u00f3 quy\u1ec1n: Y\u00eau c\u1ea7u truy c\u1eadp ho\u1eb7c x\u00f3a d\u1eef li\u1ec7u c\u00e1 nh\u00e2n T\u1eeb ch\u1ed1i nh\u1eadn th\u00f4ng tin ti\u1ebfp th\u1ecb. Qua\u00a0\u00a0<a href=\"mailto:UNOTicket@unolab.io\">UNOTicket@unolab.io<\/a>\u00a0N\u1ed9p \u0111\u01a1n khi\u1ebfu n\u1ea1i qua\u00a0<\/p>\n\n\n\n<p><strong>8. \u0110i\u1ec1u kho\u1ea3n v\u1ec1 v\u00e9\u200b<\/strong><\/p>\n\n\n\n<p>V\u00e9 n\u00e0y \u0111\u01b0\u1ee3c b\u00e1n v\u00e0 ph\u00e1t h\u00e0nh b\u1edfi UNOTicket (sau \u0111\u00e2y g\u1ecdi l\u00e0 \u201cUT\u201d). UT ho\u1ea1t \u0111\u1ed9ng nh\u01b0 m\u1ed9t \u0111\u1ea1i l\u00fd cho s\u1ef1 ki\u1ec7n n\u00e0y, ch\u1ecbu tr\u00e1ch nhi\u1ec7m cung c\u1ea5p d\u1ecbch v\u1ee5 b\u00e1n v\u00e0 ph\u00e1t h\u00e0nh v\u00e9 thay m\u1eb7t cho t\u1ed5 ch\u1ee9c, ban qu\u1ea3n l\u00fd ho\u1eb7c \u0111\u01a1n v\u1ecb qu\u1ea3ng b\u00e1 s\u1ef1 ki\u1ec7n n\u00e0y (g\u1ecdi chung l\u00e0 \u201c\u0110\u01a1n v\u1ecb t\u1ed5 ch\u1ee9c\u201d). Do \u0111\u00f3, m\u1ecdi khi\u1ebfu n\u1ea1i s\u1ebd do \u0110\u01a1n v\u1ecb t\u1ed5 ch\u1ee9c ch\u1ecbu ho\u00e0n to\u00e0n trong ph\u1ea1m vi ph\u00e1p lu\u1eadt cho ph\u00e9p v\u00e0 UT s\u1ebd kh\u00f4ng ch\u1ecbu b\u1ea5t k\u1ef3 tr\u00e1ch nhi\u1ec7m n\u00e0o.<\/p>\n\n\n\n<p>Sau \u0111\u00e2y l\u00e0 c\u00e1c \u0111i\u1ec1u kho\u1ea3n b\u00e1n h\u00e0ng (bao g\u1ed3m c\u1ea3 vi\u1ec7c b\u00e1n l\u1ea1i ho\u1eb7c chuy\u1ec3n nh\u01b0\u1ee3ng):<\/p>\n\n\n\n<ul class=\"wp-block-list\">\n<li>Ng\u01b0\u1eddi mua ban \u0111\u1ea7u ho\u1eb7c b\u1ea5t k\u1ef3 ng\u01b0\u1eddi gi\u1eef v\u00e9 cu\u1ed1i c\u00f9ng n\u00e0o kh\u00f4ng \u0111\u01b0\u1ee3c b\u00e1n l\u1ea1i ho\u1eb7c \u0111\u1ec1 xu\u1ea5t b\u00e1n l\u1ea1i v\u00e9 n\u00e0y v\u1edbi gi\u00e1 cao h\u01a1n (bao g\u1ed3m c\u1ea3 \u0111\u1ea5u gi\u00e1 tr\u1ef1c tuy\u1ebfn) m\u00e0 kh\u00f4ng c\u00f3 s\u1ef1 \u0111\u1ed3ng \u00fd b\u1eb1ng v\u0103n b\u1ea3n c\u1ee7a UT v\u00e0 Nh\u00e0 t\u1ed5 ch\u1ee9c, c\u0169ng nh\u01b0 kh\u00f4ng \u0111\u01b0\u1ee3c s\u1eed d\u1ee5ng v\u00e9 n\u00e0y cho m\u1ee5c \u0111\u00edch qu\u1ea3ng c\u00e1o, khuy\u1ebfn m\u1ea1i ho\u1eb7c b\u1ea5t k\u1ef3 m\u1ee5c \u0111\u00edch th\u01b0\u01a1ng m\u1ea1i n\u00e0o kh\u00e1c (bao g\u1ed3m c\u1ea1nh tranh th\u1ecb tr\u01b0\u1eddng v\u00e0 khuy\u1ebfn m\u1ea1i th\u01b0\u01a1ng m\u1ea1i), ho\u1eb7c nh\u01b0 m\u1ed9t ch\u01b0\u01a1ng tr\u00ecnh khuy\u1ebfn m\u1ea1i cho c\u00e1c h\u00e0ng h\u00f3a ho\u1eb7c d\u1ecbch v\u1ee5 kh\u00e1c. N\u1ebfu \u0111i\u1ec1u kho\u1ea3n n\u00e0y b\u1ecb vi ph\u1ea1m trong qu\u00e1 tr\u00ecnh b\u00e1n ho\u1eb7c s\u1eed d\u1ee5ng, v\u00e9 s\u1ebd b\u1ecb h\u1ee7y m\u00e0 kh\u00f4ng \u0111\u01b0\u1ee3c ho\u00e0n l\u1ea1i ti\u1ec1n v\u00e0 ng\u01b0\u1eddi gi\u1eef v\u00e9 s\u1ebd b\u1ecb t\u1eeb ch\u1ed1i nh\u1eadp c\u1ea3nh. N\u1ebfu v\u00e9 b\u1ecb h\u01b0 h\u1ecfng, thay \u0111\u1ed5i, l\u00e0m gi\u1ea3 ho\u1eb7c sao ch\u00e9p d\u01b0\u1edbi b\u1ea5t k\u1ef3 h\u00ecnh th\u1ee9c n\u00e0o ho\u1eb7c kh\u00f4ng \u0111\u01b0\u1ee3c mua t\u1eeb UT ho\u1eb7c c\u00e1c \u0111i\u1ec3m b\u00e1n h\u00e0ng \u0111\u01b0\u1ee3c \u1ee7y quy\u1ec1n kh\u00e1c, ng\u01b0\u1eddi gi\u1eef v\u00e9 c\u0169ng s\u1ebd b\u1ecb t\u1eeb ch\u1ed1i nh\u1eadp c\u1ea3nh.<\/li>\n\n\n\n<li>Ngo\u1ea1i tr\u1eeb tr\u01b0\u1eddng h\u1ee3p ho\u00e3n ho\u1eb7c h\u1ee7y s\u1ef1 ki\u1ec7n, t\u1ea5t c\u1ea3 v\u00e9 \u0111\u1ec1u kh\u00f4ng \u0111\u01b0\u1ee3c ho\u00e0n l\u1ea1i, kh\u00f4ng \u0111\u01b0\u1ee3c \u0111\u1ed5i v\u00e0 kh\u00f4ng \u0111\u01b0\u1ee3c tr\u1ea3 l\u1ea1i; th\u00f4ng b\u00e1o v\u1ec1 vi\u1ec7c h\u1ee7y ho\u1eb7c ho\u00e3n s\u1ef1 ki\u1ec7n s\u1ebd \u0111\u01b0\u1ee3c Ban t\u1ed5 ch\u1ee9c ho\u1eb7c UT ph\u00e1t h\u00e0nh th\u00f4ng qua ph\u01b0\u01a1ng ti\u1ec7n truy\u1ec1n th\u00f4ng. N\u1ebfu \u0111\u01b0\u1ee3c ph\u00e9p ho\u00e0n l\u1ea1i ti\u1ec1n, UT c\u00f3 th\u1ec3 gi\u1eef l\u1ea1i ph\u00ed d\u1ecbch v\u1ee5 trong ph\u1ea1m vi ph\u00e1p lu\u1eadt cho ph\u00e9p. (\u0110\u1ec3 bi\u1ebft chi ti\u1ebft v\u1ec1 ch\u00ednh s\u00e1ch ho\u00e0n l\u1ea1i ti\u1ec1n c\u1ee7a UT, vui l\u00f2ng truy c\u1eadp\u00a0<a href=\"https:\/\/unoticket.io\/vi\/\" target=\"_blank\" rel=\"noreferrer noopener\">www.unoticket.io<\/a>.) Ng\u01b0\u1eddi mua s\u1ebd ch\u1ecbu m\u1ecdi tr\u00e1ch nhi\u1ec7m v\u00e0 r\u1ee7i ro trong su\u1ed1t qu\u00e1 tr\u00ecnh di chuy\u1ec3n \u0111\u1ebfn v\u00e0 \u0111i t\u1eeb \u0111\u1ecba \u0111i\u1ec3m t\u1ed5 ch\u1ee9c; c\u00f4ng ty s\u1ebd kh\u00f4ng ch\u1ea5p nh\u1eadn b\u1ea5t k\u1ef3 y\u00eau c\u1ea7u ho\u00e0n l\u1ea1i ti\u1ec1n, \u0111\u1ed5i ho\u1eb7c tr\u1ea3 h\u00e0ng n\u00e0o do thay \u0111\u1ed5i, gi\u00e1n \u0111o\u1ea1n, t\u1ea1m d\u1eebng, ch\u1eadm tr\u1ec5 ho\u1eb7c h\u1ee7y d\u1ecbch v\u1ee5 v\u1eadn chuy\u1ec3n ho\u1eb7c ph\u01b0\u01a1ng ti\u1ec7n c\u00f4ng c\u1ed9ng.<\/li>\n\n\n\n<li>UT c\u00f3 quy\u1ec1n s\u1eeda \u0111\u1ed5i, s\u1eafp x\u1ebfp l\u1ea1i, thay th\u1ebf ng\u01b0\u1eddi bi\u1ec3u di\u1ec5n v\u00e0\/ho\u1eb7c thay \u0111\u1ed5i ch\u01b0\u01a1ng tr\u00ecnh, gi\u00e1 c\u1ea3, \u0111\u1ecba \u0111i\u1ec3m, s\u1eafp x\u1ebfp ch\u1ed7 ng\u1ed3i v\u00e0 s\u1ee9c ch\u1ee9a kh\u00e1n gi\u1ea3. UT c\u00f3 quy\u1ec1n t\u00ednh ph\u00ed d\u1ecbch v\u1ee5 cho vi\u1ec7c thay th\u1ebf v\u00e9. Trong tr\u01b0\u1eddng h\u1ee3p kh\u00f4ng c\u00f3 ch\u1ed7 ng\u1ed3i \u0111\u01b0\u1ee3c ch\u1ec9 \u0111\u1ecbnh (v\u00e9 kh\u00f4ng \u0111\u1eb7t tr\u01b0\u1edbc) ho\u1eb7c khi kh\u00f4ng th\u1ec3 x\u00e1c nh\u1eadn th\u00f4ng tin chi ti\u1ebft c\u1ee7a kh\u00e1ch h\u00e0ng, UT c\u00f3 quy\u1ec1n t\u1eeb ch\u1ed1i thay th\u1ebf v\u00e9. UT c\u00f3 quy\u1ec1n cho ph\u00e9p v\u00e0o \u0111\u1ecba \u0111i\u1ec3m v\u00e0 kh\u00e1ch h\u00e0ng ph\u1ea3i tu\u00e2n th\u1ee7 c\u00e1c quy \u0111\u1ecbnh v\u1ec1 vi\u1ec7c v\u00e0o do Nh\u00e0 t\u1ed5 ch\u1ee9c v\u00e0 \u0111\u1ecba \u0111i\u1ec3m \u0111\u1eb7t ra. \u0110\u1ec3 bi\u1ebft chi ti\u1ebft v\u1ec1 c\u00e1c \u0111i\u1ec1u kho\u1ea3n v\u00e0o, vui l\u00f2ng truy c\u1eadp\u00a0<a href=\"https:\/\/unoticket.io\/vi\/\" target=\"_blank\" rel=\"noreferrer noopener\">www.unoticket.io<\/a>. Ngo\u00e0i ra, kh\u00e1ch h\u00e0ng \u0111\u1ebfn mu\u1ed9n ch\u1ec9 \u0111\u01b0\u1ee3c ph\u00e9p v\u00e0o trong gi\u1edd ngh\u1ec9 gi\u1ea3i lao. Ngo\u1ea1i tr\u1eeb nh\u1eefng c\u00e1 nh\u00e2n \u0111\u01b0\u1ee3c Nh\u00e0 t\u1ed5 ch\u1ee9c ho\u1eb7c ch\u1ee7 s\u1edf h\u1eefu \u0111\u1ecba \u0111i\u1ec3m ch\u1ea5p thu\u1eadn tr\u01b0\u1edbc, kh\u00f4ng ai \u0111\u01b0\u1ee3c mang m\u00e1y \u1ea3nh, m\u00e1y ghi \u00e2m ho\u1eb7c m\u00e1y quay phim v\u00e0o \u0111\u1ecba \u0111i\u1ec3m. UT c\u00f3 quy\u1ec1n ph\u00e1t s\u00f3ng ho\u1eb7c truy\u1ec1n h\u00ecnh b\u1ea5t k\u1ef3 s\u1ef1 ki\u1ec7n n\u00e0o; Nh\u00e0 t\u1ed5 ch\u1ee9c\/ch\u1ee7 s\u1edf h\u1eefu \u0111\u1ecba \u0111i\u1ec3m c\u00f3 quy\u1ec1n s\u1eed d\u1ee5ng h\u00ecnh \u1ea3nh c\u1ee7a ng\u01b0\u1eddi gi\u1eef v\u00e9 trong b\u1ea5t k\u1ef3 ch\u01b0\u01a1ng tr\u00ecnh ph\u00e1t s\u00f3ng tr\u1ef1c ti\u1ebfp, b\u1ea3n ghi \u00e2m, \u1ea3nh ch\u1ee5p ho\u1eb7c h\u00ecnh \u1ea3nh n\u00e0o. M\u1ecdi ho\u1ea1t \u0111\u1ed9ng b\u00e1n v\u00e9 \u0111\u1ec1u tu\u00e2n theo lu\u1eadt ph\u00e1p c\u1ee7a H\u1ed3ng K\u00f4ng v\u00e0 b\u1ea1n \u0111\u1ed3ng \u00fd tu\u00e2n theo th\u1ea9m quy\u1ec1n t\u00e0i ph\u00e1n \u0111\u1ed9c quy\u1ec1n c\u1ee7a t\u00f2a \u00e1n H\u1ed3ng K\u00f4ng.<\/li>\n<\/ul>","protected":false},"excerpt":{"rendered":"<p>Last Updated: [January\/10\/2025] 1. This policy applies to all transactions and data management through unoticket.io (&#8220;the Platform&#8221;). 2. We may collect: Personal identifiers (name, email, phone number) Payment details (credit card numbers, third-party payment accounts) Device information (IP address, browser type) Usage data (browsing history, transaction records) 3.Data will be used to: Process ticket orders. [&hellip;]<\/p>","protected":false},"author":1,"featured_media":0,"parent":0,"menu_order":0,"comment_status":"closed","ping_status":"open","template":"","meta":{"footnotes":""},"class_list":["post-1478","page","type-page","status-publish","hentry"],"blocksy_meta":[],"_links":{"self":[{"href":"https:\/\/unoticket.io\/vi\/wp-json\/wp\/v2\/pages\/1478","targetHints":{"allow":["GET"]}}],"collection":[{"href":"https:\/\/unoticket.io\/vi\/wp-json\/wp\/v2\/pages"}],"about":[{"href":"https:\/\/unoticket.io\/vi\/wp-json\/wp\/v2\/types\/page"}],"author":[{"embeddable":true,"href":"https:\/\/unoticket.io\/vi\/wp-json\/wp\/v2\/users\/1"}],"replies":[{"embeddable":true,"href":"https:\/\/unoticket.io\/vi\/wp-json\/wp\/v2\/comments?post=1478"}],"version-history":[{"count":12,"href":"https:\/\/unoticket.io\/vi\/wp-json\/wp\/v2\/pages\/1478\/revisions"}],"predecessor-version":[{"id":2463,"href":"https:\/\/unoticket.io\/vi\/wp-json\/wp\/v2\/pages\/1478\/revisions\/2463"}],"wp:attachment":[{"href":"https:\/\/unoticket.io\/vi\/wp-json\/wp\/v2\/media?parent=1478"}],"curies":[{"name":"wp","href":"https:\/\/api.w.org\/{rel}","templated":true}]}}