{"id":618,"date":"2021-12-21T09:48:44","date_gmt":"2021-12-21T09:48:44","guid":{"rendered":"https:\/\/startersites.io\/elementor\/homi\/?page_id=618"},"modified":"2025-09-26T22:44:58","modified_gmt":"2025-09-26T14:44:58","slug":"home","status":"publish","type":"page","link":"https:\/\/unoticket.io\/vi\/","title":{"rendered":"Trang ch\u1ee7"},"content":{"rendered":"<div data-elementor-type=\"wp-page\" data-elementor-id=\"618\" class=\"elementor elementor-618\" data-elementor-post-type=\"page\">\n\t\t\t\t\t\t<section class=\"elementor-section elementor-top-section elementor-element elementor-element-ad87533 ct-section-stretched elementor-section-height-min-height elementor-section-boxed elementor-section-height-default elementor-section-items-middle\" data-id=\"ad87533\" data-element_type=\"section\" data-settings=\"{&quot;background_background&quot;:&quot;classic&quot;}\">\n\t\t\t\t\t\t\t<div class=\"elementor-background-overlay\"><\/div>\n\t\t\t\t\t\t\t<div class=\"elementor-container elementor-column-gap-no\">\n\t\t\t\t\t<div class=\"elementor-column elementor-col-50 elementor-top-column elementor-element elementor-element-e4bb6e1\" data-id=\"e4bb6e1\" data-element_type=\"column\">\n\t\t\t<div class=\"elementor-widget-wrap elementor-element-populated\">\n\t\t\t\t\t\t<div class=\"elementor-element elementor-element-b8b2178 elementor-arrows-position-inside elementor-pagination-position-outside elementor-widget elementor-widget-image-carousel\" data-id=\"b8b2178\" data-element_type=\"widget\" data-settings=\"{&quot;slides_to_show&quot;:&quot;1&quot;,&quot;navigation&quot;:&quot;both&quot;,&quot;autoplay&quot;:&quot;yes&quot;,&quot;pause_on_hover&quot;:&quot;yes&quot;,&quot;pause_on_interaction&quot;:&quot;yes&quot;,&quot;autoplay_speed&quot;:5000,&quot;infinite&quot;:&quot;yes&quot;,&quot;effect&quot;:&quot;slide&quot;,&quot;speed&quot;:500}\" data-widget_type=\"image-carousel.default\">\n\t\t\t\t<div class=\"elementor-widget-container\">\n\t\t\t\t\t\t\t<div class=\"elementor-image-carousel-wrapper swiper\" role=\"region\" aria-roledescription=\"carousel\" aria-label=\"Image Carousel\" dir=\"ltr\">\n\t\t\t<div class=\"elementor-image-carousel swiper-wrapper swiper-image-stretch\" aria-live=\"off\">\n\t\t\t\t\t\t\t\t<div class=\"swiper-slide\" role=\"group\" aria-roledescription=\"slide\" aria-label=\"1 of 1\"><a data-elementor-open-lightbox=\"yes\" data-elementor-lightbox-slideshow=\"b8b2178\" data-elementor-lightbox-title=\"\u4e09\u9762\u73b2\u8fb2-Casino Horizontal LED-1920pxW x 648pxH \u62f7\u8d1d\" data-e-action-hash=\"#elementor-action%3Aaction%3Dlightbox%26settings%3DeyJpZCI6MjUyMiwidXJsIjoiaHR0cHM6XC9cL3Vub3RpY2tldC5pb1wvd3AtY29udGVudFwvdXBsb2Fkc1wvMjAyNVwvMDlcL1x1NGUwOVx1OTc2Mlx1NzNiMlx1OGZiMi1DYXNpbm8tSG9yaXpvbnRhbC1MRUQtMTkyMHB4Vy14LTY0OHB4SC1cdTYyZjdcdThkMWQuanBnIiwic2xpZGVzaG93IjoiYjhiMjE3OCJ9\" href=\"https:\/\/unoticket.io\/vi\/san-pham\/%e4%b8%89%e9%9d%a2%e7%8e%b2%e8%be%b2%c2%b7%e7%b2%b5%e8%81%bd%e7%b2%b5%e9%96%8b%e5%bf%83\/\"><figure class=\"swiper-slide-inner\"><img decoding=\"async\" class=\"swiper-slide-image\" src=\"https:\/\/unoticket.io\/wp-content\/uploads\/2025\/09\/\u4e09\u9762\u73b2\u8fb2-Casino-Horizontal-LED-1920pxW-x-648pxH-\u62f7\u8d1d-1024x346.jpg\" alt=\"\u4e09\u9762\u73b2\u8fb2-Casino Horizontal LED-1920pxW x 648pxH \u62f7\u8d1d\" \/><\/figure><\/a><\/div>\t\t\t<\/div>\n\t\t\t\t\t<\/div>\n\t\t\t\t\t\t<\/div>\n\t\t\t\t<\/div>\n\t\t\t\t<div class=\"elementor-element elementor-element-cbcabeb elementor-search-form--skin-minimal elementor-widget elementor-widget-search-form\" data-id=\"cbcabeb\" data-element_type=\"widget\" data-settings=\"{&quot;skin&quot;:&quot;minimal&quot;}\" data-widget_type=\"search-form.default\">\n\t\t\t\t<div class=\"elementor-widget-container\">\n\t\t\t\t\t\t\t<search role=\"search\">\n\t\t\t<form class=\"elementor-search-form\" action=\"https:\/\/unoticket.io\/vi\/\" method=\"get\" data-trp-original-action=\"https:\/\/unoticket.io\/vi\">\n\t\t\t\t\t\t\t\t\t\t\t\t<div class=\"elementor-search-form__container\">\n\t\t\t\t\t<label class=\"elementor-screen-only\" for=\"elementor-search-form-cbcabeb\">Search<\/label>\n\n\t\t\t\t\t\t\t\t\t\t\t<div class=\"elementor-search-form__icon\">\n\t\t\t\t\t\t\t<div class=\"e-font-icon-svg-container\"><svg aria-hidden=\"true\" class=\"e-font-icon-svg e-fas-search\" viewbox=\"0 0 512 512\" xmlns=\"http:\/\/www.w3.org\/2000\/svg\"><path d=\"M505 442.7L405.3 343c-4.5-4.5-10.6-7-17-7H372c27.6-35.3 44-79.7 44-128C416 93.1 322.9 0 208 0S0 93.1 0 208s93.1 208 208 208c48.3 0 92.7-16.4 128-44v16.3c0 6.4 2.5 12.5 7 17l99.7 99.7c9.4 9.4 24.6 9.4 33.9 0l28.3-28.3c9.4-9.4 9.4-24.6.1-34zM208 336c-70.7 0-128-57.2-128-128 0-70.7 57.2-128 128-128 70.7 0 128 57.2 128 128 0 70.7-57.2 128-128 128z\"><\/path><\/svg><\/div>\t\t\t\t\t\t\t<span class=\"elementor-screen-only\">Search<\/span>\n\t\t\t\t\t\t<\/div>\n\t\t\t\t\t\n\t\t\t\t\t<input id=\"elementor-search-form-cbcabeb\" placeholder=\"T\u00ecm ki\u1ebfm ch\u01b0\u01a1ng tr\u00ecnh\/ca s\u0129\/\u0111\u1ecba \u0111i\u1ec3m b\u1ea1n mu\u1ed1n xem\" class=\"elementor-search-form__input\" type=\"search\" name=\"s\" value=\"\">\n\t\t\t\t\t\n\t\t\t\t\t\n\t\t\t\t\t\t\t\t\t<\/div>\n\t\t\t<input type=\"hidden\" name=\"trp-form-language\" value=\"vi\"\/><\/form>\n\t\t<\/search>\n\t\t\t\t\t\t<\/div>\n\t\t\t\t<\/div>\n\t\t\t\t\t<\/div>\n\t\t<\/div>\n\t\t\t\t<div class=\"elementor-column elementor-col-50 elementor-top-column elementor-element elementor-element-2497055 elementor-hidden-mobile elementor-hidden-tablet\" data-id=\"2497055\" data-element_type=\"column\">\n\t\t\t<div class=\"elementor-widget-wrap\">\n\t\t\t\t\t\t\t<\/div>\n\t\t<\/div>\n\t\t\t\t\t<\/div>\n\t\t<\/section>\n\t\t\t\t<section class=\"elementor-section elementor-top-section elementor-element elementor-element-a455457 elementor-section-boxed elementor-section-height-default elementor-section-height-default\" data-id=\"a455457\" data-element_type=\"section\" data-settings=\"{&quot;background_background&quot;:&quot;classic&quot;}\">\n\t\t\t\t\t\t<div class=\"elementor-container elementor-column-gap-default\">\n\t\t\t\t\t<div class=\"elementor-column elementor-col-100 elementor-top-column elementor-element elementor-element-dea018c\" data-id=\"dea018c\" data-element_type=\"column\">\n\t\t\t<div class=\"elementor-widget-wrap elementor-element-populated\">\n\t\t\t\t\t\t<div class=\"elementor-element elementor-element-00348b3 elementor-widget elementor-widget-heading\" data-id=\"00348b3\" data-element_type=\"widget\" data-widget_type=\"heading.default\">\n\t\t\t\t<div class=\"elementor-widget-container\">\n\t\t\t\t\t<h5 class=\"elementor-heading-title elementor-size-default\"><h2 style=\"font-weight: 600;line-height: 1.4em;margin-bottom: 1.0909em;font-size: 29px;border-width: 0px;border-style: initial;vertical-align: baseline;clear: both;font-style: normal;letter-spacing: normal;text-transform: none\">UNOTicket c\u00e1ch m\u1ea1ng h\u00f3a tr\u1ea3i nghi\u1ec7m mua v\u00e9\n<span style=\"color: var(--theme-heading-color, var(--theme-heading-5-color, var(--theme-headings-color)));font-family: var(--theme-font-family);font-size: 20px;font-style: var(--theme-font-style, inherit);font-weight: var(--theme-font-weight);letter-spacing: var(--theme-letter-spacing);text-transform: var(--theme-text-transform);background-color: var( --e-global-color-blocksy_palette_7 )\"><\/span><\/h2><\/h5>\t\t\t\t<\/div>\n\t\t\t\t<\/div>\n\t\t\t\t<div class=\"elementor-element elementor-element-7847ac2 elementor-widget elementor-widget-text-editor\" data-id=\"7847ac2\" data-element_type=\"widget\" data-widget_type=\"text-editor.default\">\n\t\t\t\t<div class=\"elementor-widget-container\">\n\t\t\t\t\t\t\t\t\t<p>UNO Lab l\u00e0 m\u1ed9t c\u00f4ng ty c\u00f4ng ngh\u1ec7 chuy\u00ean cung c\u1ea5p c\u00e1c gi\u1ea3i ph\u00e1p b\u00e1n v\u00e9 s\u00e1ng t\u1ea1o cho nhi\u1ec1u s\u1ef1 ki\u1ec7n kh\u00e1c nhau. S\u1ea3n ph\u1ea9m c\u1ed1t l\u00f5i c\u1ee7a ch\u00fang t\u00f4i, UNO Ticket, s\u1eed d\u1ee5ng c\u00f4ng ngh\u1ec7 blockchain ti\u00ean ti\u1ebfn \u0111\u1ec3 t\u1ea1o ra m\u1ed9t n\u1ec1n t\u1ea3ng an to\u00e0n v\u00e0 \u0111\u00e1ng tin c\u1eady, gi\u00fap tr\u1ea3i nghi\u1ec7m mua v\u00e0 nh\u1eadn v\u00e9 tr\u1edf n\u00ean thu\u1eadn ti\u1ec7n ch\u01b0a t\u1eebng c\u00f3.\u00a0<span style=\"font-family: inherit; font-size: inherit; font-style: inherit; font-variant-ligatures: inherit; font-variant-caps: inherit; font-weight: inherit;\">Trong k\u1ef7 nguy\u00ean Web3, UNO Ticket h\u01b0\u1edbng \u0111\u1ebfn m\u1ee5c ti\u00eau c\u00e1ch m\u1ea1ng h\u00f3a quy tr\u00ecnh b\u00e1n v\u00e9. T\u1eadn d\u1ee5ng nh\u1eefng l\u1ee3i th\u1ebf \u0111\u1ed9c \u0111\u00e1o c\u1ee7a blockchain, ch\u00fang t\u00f4i cung c\u1ea5p cho ng\u01b0\u1eddi d\u00f9ng tr\u1ea3i nghi\u1ec7m k\u1ef9 thu\u1eadt s\u1ed1 li\u1ec1n m\u1ea1ch, t\u00ednh linh ho\u1ea1t cao h\u01a1n v\u00e0 kh\u1ea3 n\u0103ng ki\u1ec3m so\u00e1t \u0111\u01b0\u1ee3c n\u00e2ng cao \u0111\u1ed1i v\u1edbi v\u00e9 k\u1ef9 thu\u1eadt s\u1ed1 c\u1ee7a h\u1ecd, \u0111\u1ed3ng th\u1eddi h\u1ed7 tr\u1ee3 c\u00e1c ph\u01b0\u01a1ng th\u1ee9c thanh to\u00e1n thu\u1eadn ti\u1ec7n.<\/span><\/p>\t\t\t\t\t\t\t\t<\/div>\n\t\t\t\t<\/div>\n\t\t\t\t\t<\/div>\n\t\t<\/div>\n\t\t\t\t\t<\/div>\n\t\t<\/section>\n\t\t\t\t<section class=\"elementor-section elementor-top-section elementor-element elementor-element-38ffc5c elementor-section-boxed elementor-section-height-default elementor-section-height-default\" data-id=\"38ffc5c\" data-element_type=\"section\">\n\t\t\t\t\t\t<div class=\"elementor-container elementor-column-gap-default\">\n\t\t\t\t\t<div class=\"elementor-column elementor-col-100 elementor-top-column elementor-element elementor-element-7f36b1e\" data-id=\"7f36b1e\" data-element_type=\"column\">\n\t\t\t<div class=\"elementor-widget-wrap elementor-element-populated\">\n\t\t\t\t\t\t<div class=\"elementor-element elementor-element-6941773 elementor-widget elementor-widget-heading\" data-id=\"6941773\" data-element_type=\"widget\" data-widget_type=\"heading.default\">\n\t\t\t\t<div class=\"elementor-widget-container\">\n\t\t\t\t\t<h2 class=\"elementor-heading-title elementor-size-default\">Danh s\u00e1ch bu\u1ed5i h\u00f2a nh\u1ea1c<\/h2>\t\t\t\t<\/div>\n\t\t\t\t<\/div>\n\t\t\t\t<div class=\"elementor-element elementor-element-9288921 elementor-widget elementor-widget-shortcode\" data-id=\"9288921\" data-element_type=\"widget\" data-widget_type=\"shortcode.default\">\n\t\t\t\t<div class=\"elementor-widget-container\">\n\t\t\t\t\t\t\t<div class=\"elementor-shortcode\"><div class=\"woocommerce columns-2\"><ul class=\"products columns-2\" data-products=\"type-1\" data-hover=\"zoom-in\">\n<li class=\"product type-product post-2504 status-publish first instock product_cat-38 has-post-thumbnail shipping-taxable product-type-variable\">\n\t<a href=\"https:\/\/unoticket.io\/vi\/san-pham\/%e4%b8%89%e9%9d%a2%e7%8e%b2%e8%be%b2%c2%b7%e7%b2%b5%e8%81%bd%e7%b2%b5%e9%96%8b%e5%bf%83\/\" class=\"woocommerce-LoopProduct-link woocommerce-loop-product__link\"><img fetchpriority=\"high\" decoding=\"async\" width=\"300\" height=\"300\" src=\"https:\/\/unoticket.io\/wp-content\/uploads\/2025\/09\/\u4e09\u9762\u73b2\u8fb2\u7cb5\u807d\u7cb5\u958b\u5fc3-300x300.jpeg\" class=\"attachment-woocommerce_thumbnail size-woocommerce_thumbnail\" alt=\"\u4e09\u9762\u73b2\u8fb2 \u00b7 \u8fb2\u592b &amp; \u9ea5\u73b2\u73b2 \u300a\u7cb5\u807d\u7cb5\u958b\u5fc3\u300b\u97f3\u6a02\u6703\u6fb3\u9580\u7ad9 | \u4e09\u9762\u73b2\u519c \u00b7 \u519c\u592b &amp; \u9ea6\u73b2\u73b2 \u300a\u7ca4\u542c\u7ca4\u5f00\u5fc3\u300b\u97f3\u4e50\u4f1a\u6fb3\u95e8\u7ad9\" srcset=\"https:\/\/unoticket.io\/wp-content\/uploads\/2025\/09\/\u4e09\u9762\u73b2\u8fb2\u7cb5\u807d\u7cb5\u958b\u5fc3-300x300.jpeg 300w, https:\/\/unoticket.io\/wp-content\/uploads\/2025\/09\/\u4e09\u9762\u73b2\u8fb2\u7cb5\u807d\u7cb5\u958b\u5fc3-150x150.jpeg 150w, https:\/\/unoticket.io\/wp-content\/uploads\/2025\/09\/\u4e09\u9762\u73b2\u8fb2\u7cb5\u807d\u7cb5\u958b\u5fc3-100x100.jpeg 100w\" sizes=\"(max-width: 300px) 100vw, 300px\" \/><h2 class=\"woocommerce-loop-product__title\">\u4e09\u9762\u73b2\u8fb2 \u00b7 \u8fb2\u592b &#038; \u9ea5\u73b2\u73b2 \u300a\u7cb5\u807d\u7cb5\u958b\u5fc3\u300b\u97f3\u6a02\u6703\u6fb3\u9580\u7ad9 | \u4e09\u9762\u73b2\u519c \u00b7 \u519c\u592b &#038; \u9ea6\u73b2\u73b2 \u300a\u7ca4\u542c\u7ca4\u5f00\u5fc3\u300b\u97f3\u4e50\u4f1a\u6fb3\u95e8\u7ad9<\/h2>\n<\/a><a href=\"https:\/\/unoticket.io\/vi\/san-pham\/%e4%b8%89%e9%9d%a2%e7%8e%b2%e8%be%b2%c2%b7%e7%b2%b5%e8%81%bd%e7%b2%b5%e9%96%8b%e5%bf%83\/\" aria-describedby=\"woocommerce_loop_add_to_cart_link_describedby_2504\" data-quantity=\"1\" class=\"button product_type_variable\" data-product_id=\"2504\" data-product_sku=\"\" aria-label=\"\u0110\u1ecdc th\u00eam\" rel=\"nofollow\" data-no-translation=\"\" data-trp-gettext=\"\" data-no-translation-aria-label=\"\">\u0110\u1ecdc ti\u1ebfp<\/a>\t<span id=\"woocommerce_loop_add_to_cart_link_describedby_2504\" class=\"screen-reader-text\">\n\t\t\t<\/span>\n<\/li>\n<li class=\"product type-product post-2370 status-publish last outofstock product_cat-24 has-post-thumbnail shipping-taxable product-type-variable\">\n\t<a href=\"https:\/\/unoticket.io\/vi\/san-pham\/fama-concert\/\" class=\"woocommerce-LoopProduct-link woocommerce-loop-product__link\"><img decoding=\"async\" width=\"300\" height=\"300\" src=\"https:\/\/unoticket.io\/wp-content\/uploads\/2025\/02\/WechatIMG171-300x300.jpg\" class=\"attachment-woocommerce_thumbnail size-woocommerce_thumbnail\" alt=\"\u8fb2\u592bFAMA concert 2025 Priority Ticket | 20\u9996\u6b4c\u768421\u5802\u8ab2\u88dc\u8ab2  Sold Out\" srcset=\"https:\/\/unoticket.io\/wp-content\/uploads\/2025\/02\/WechatIMG171-300x300.jpg 300w, https:\/\/unoticket.io\/wp-content\/uploads\/2025\/02\/WechatIMG171-150x150.jpg 150w, https:\/\/unoticket.io\/wp-content\/uploads\/2025\/02\/WechatIMG171-100x100.jpg 100w\" sizes=\"(max-width: 300px) 100vw, 300px\" \/><h2 class=\"woocommerce-loop-product__title\">Bu\u1ed5i h\u00f2a nh\u1ea1c Nongfu FAMA 2025 V\u00e9 \u01b0u ti\u00ean | 21 b\u00e0i h\u1ecdc g\u1ed3m 20 b\u00e0i h\u00e1t \u0110\u00e3 b\u00e1n h\u1ebft<\/h2>\n<\/a><a href=\"https:\/\/unoticket.io\/vi\/san-pham\/fama-concert\/\" aria-describedby=\"woocommerce_loop_add_to_cart_link_describedby_2370\" data-quantity=\"1\" class=\"button product_type_variable\" data-product_id=\"2370\" data-product_sku=\"\" aria-label=\"\u0110\u1ecdc th\u00eam\" rel=\"nofollow\" data-no-translation=\"\" data-trp-gettext=\"\" data-no-translation-aria-label=\"\">\u0110\u1ecdc ti\u1ebfp<\/a>\t<span id=\"woocommerce_loop_add_to_cart_link_describedby_2370\" class=\"screen-reader-text\">\n\t\t\t<\/span>\n<\/li>\n<\/ul>\n<\/div><\/div>\n\t\t\t\t\t\t<\/div>\n\t\t\t\t<\/div>\n\t\t\t\t\t<\/div>\n\t\t<\/div>\n\t\t\t\t\t<\/div>\n\t\t<\/section>\n\t\t\t\t<\/div>","protected":false},"excerpt":{"rendered":"<p>UNOTicket Revolutionizes the Ticketing Experience UNO Lab is a technology company dedicated to providing innovative ticketing solutions for various events. Our core product, UNO Ticket, utilizes cutting-edge blockchain technology to create a secure and reliable platform, making the ticket purchasing and collection experience unprecedentedly convenient.\u00a0In the Web3 era, UNO Ticket aims to revolutionize the ticketing [&hellip;]<\/p>","protected":false},"author":1,"featured_media":0,"parent":0,"menu_order":0,"comment_status":"closed","ping_status":"closed","template":"","meta":{"footnotes":""},"class_list":["post-618","page","type-page","status-publish","hentry"],"blocksy_meta":{"styles_descriptor":{"styles":{"desktop":"","tablet":"","mobile":""},"google_fonts":[],"version":6},"page_title_panel":"","has_hero_section":"disabled","4ec9d2371f6b3f17cafe415e2f222e75":"","hero_section":"type-1","hero_elements":[{"id":"custom_title","enabled":true,"heading_tag":"h1","title":"Trang ch\u1ee7"},{"id":"custom_description","enabled":true,"description_visibility":{"desktop":true,"tablet":true,"mobile":false}},{"id":"custom_meta","enabled":false,"meta_elements":[{"id":"author","enabled":true,"label":"By","has_author_avatar":"yes","avatar_size":25},{"id":"post_date","enabled":true,"label":"On","date_format_source":"default","date_format":"M j, Y"},{"id":"updated_date","enabled":false,"label":"On","date_format_source":"default","date_format":"M j, Y"},{"id":"categories","enabled":false,"label":"In","style":"simple"},{"id":"comments","enabled":true}],"page_meta_elements":{"joined":true,"articles_count":true,"comments":true}},{"id":"breadcrumbs","enabled":false}],"7cc15baaa6f3c1dab360a3df912421b8":"","hero_alignment1":"CT_CSS_SKIP_RULE","hero_margin":40,"hero_alignment2":"center","hero_vertical_alignment":"center","2fba5b077230f4511e14feb1be6e00e0":"","hero_structure":"narrow","7e3f35ef3f7dc3690f5652edf3f09cb8":"","page_title_bg_type":"featured_image","custom_hero_background":{"attachment_id":null},"parallax":{"desktop":false,"tablet":false,"mobile":false},"0de517fb4d8db72459025fba0b26e578":"","hero_height":"250px","pageTitleFont":{"family":"Default","variation":"Default","size":"30px","line-height":"CT_CSS_SKIP_RULE","letter-spacing":"CT_CSS_SKIP_RULE","text-transform":"CT_CSS_SKIP_RULE","text-decoration":"CT_CSS_SKIP_RULE"},"pageTitleFontColor":{"default":{"color":"CT_CSS_SKIP_RULEDEFAULT"}},"pageMetaFont":{"family":"Default","variation":"n6","size":"12px","line-height":"1.3","letter-spacing":"CT_CSS_SKIP_RULE","text-transform":"uppercase","text-decoration":"CT_CSS_SKIP_RULE"},"pageMetaFontColor":{"default":{"color":"CT_CSS_SKIP_RULEDEFAULT"},"hover":{"color":"CT_CSS_SKIP_RULEDEFAULT"}},"page_meta_button_type_font_colors":{"default":{"color":"CT_CSS_SKIP_RULEDEFAULT"},"hover":{"color":"CT_CSS_SKIP_RULEDEFAULT"}},"page_meta_button_type_background_colors":{"default":{"color":"CT_CSS_SKIP_RULEDEFAULT"},"hover":{"color":"CT_CSS_SKIP_RULEDEFAULT"}},"pageExcerptFont":{"family":"Default","variation":"Default","size":"CT_CSS_SKIP_RULE","line-height":"CT_CSS_SKIP_RULE","letter-spacing":"CT_CSS_SKIP_RULE","text-transform":"CT_CSS_SKIP_RULE","text-decoration":"CT_CSS_SKIP_RULE"},"pageExcerptColor":{"default":{"color":"CT_CSS_SKIP_RULEDEFAULT"}},"breadcrumbsFont":{"family":"Default","variation":"Default","size":"CT_CSS_SKIP_RULE","line-height":"CT_CSS_SKIP_RULE","letter-spacing":"CT_CSS_SKIP_RULE","text-transform":"CT_CSS_SKIP_RULE","text-decoration":"CT_CSS_SKIP_RULE"},"breadcrumbsFontColor":{"default":{"color":"CT_CSS_SKIP_RULEDEFAULT"},"initial":{"color":"CT_CSS_SKIP_RULEDEFAULT"},"hover":{"color":"CT_CSS_SKIP_RULEDEFAULT"}},"pageTitleOverlay":{"background_type":"color","background_pattern":"type-1","background_image":{"attachment_id":null,"x":0,"y":0},"gradient":"linear-gradient(135deg,rgba(6,147,227,1) 0%,rgb(155,81,224) 100%)","background_repeat":"repeat","background_size":"auto","background_attachment":"scroll","patternColor":{"default":{"color":"#e5e7ea"}},"overlayColor":{"default":{"color":"CT_CSS_SKIP_RULE"}},"backgroundColor":{"default":{"color":"CT_CSS_SKIP_RULE"}}},"pageTitleBackground":{"background_type":"color","background_pattern":"type-1","background_image":{"attachment_id":null,"x":0,"y":0},"gradient":"linear-gradient(135deg,rgba(6,147,227,1) 0%,rgb(155,81,224) 100%)","background_repeat":"repeat","background_size":"auto","background_attachment":"scroll","patternColor":{"default":{"color":"#e5e7ea"}},"overlayColor":{"default":{"color":"CT_CSS_SKIP_RULE"}},"backgroundColor":{"default":{"color":"var(--theme-palette-color-6)"}}},"pageTitlePadding":{"top":"50px","bottom":"50px","left":"auto","right":"auto","linked":true},"6ee183691cec305c2d03633a47824897":"","page_structure_type":"default","3714eb69157030d1424062448fe8e546":"","content_style_source":"inherit","content_style":"wide","vertical_spacing_source":"custom","content_area_spacing":"none","background":{"background_type":"color","background_pattern":"type-1","background_image":{"attachment_id":null,"x":0,"y":0},"gradient":"linear-gradient(135deg,rgba(6,147,227,1) 0%,rgb(155,81,224) 100%)","background_repeat":"repeat","background_size":"auto","background_attachment":"scroll","patternColor":{"default":{"color":"#e5e7ea"}},"overlayColor":{"default":{"color":"CT_CSS_SKIP_RULE"}},"backgroundColor":{"default":{"color":"CT_CSS_SKIP_RULE"}}},"content_background":{"background_type":"color","background_pattern":"type-1","background_image":{"attachment_id":null,"x":0,"y":0},"gradient":"linear-gradient(135deg,rgba(6,147,227,1) 0%,rgb(155,81,224) 100%)","background_repeat":"repeat","background_size":"auto","background_attachment":"scroll","patternColor":{"default":{"color":"#e5e7ea"}},"overlayColor":{"default":{"color":"CT_CSS_SKIP_RULE"}},"backgroundColor":{"default":{"color":"var(--theme-palette-color-8)"}}},"content_boxed_shadow":{"inherit":false,"blur":18,"spread":-6,"v_offset":12,"h_offset":0,"inset":false,"enable":true,"color":{"color":"rgba(34, 56, 101, 0.04)"}},"boxed_content_spacing":{"desktop":{"top":"40px","bottom":"40px","left":"40px","right":"40px","linked":true},"tablet":{"top":"35px","bottom":"35px","left":"35px","right":"35px","linked":true},"mobile":{"top":"20px","bottom":"20px","left":"20px","right":"20px","linked":true}},"content_boxed_radius":{"top":"3px","bottom":"3px","left":"3px","right":"3px","linked":true},"4fef71fedb57982135f01c12b15e3f80":"","disable_featured_image":"no","disable_share_box":"no","disable_header":"no","disable_footer":"no","2a6eee9cc073aa7ab7926034582a719b":"","8d1e6eb69c179e908bc1fbac575db409":"","55de5dc5d80f9f06fd54c2b21ab4f553":"","5826b51cea515f84b4ae6930ee9d562a":"","7b31a43ed46906b78ba4c536a95cadb3":"","2f9800f151b50a345cde9ce7e4ded883":"","c97ddcd8e81f0d30d50dbb56ffa357e9":"","d1793e162ba4f3ca3b72dae940c9ba59":""},"_links":{"self":[{"href":"https:\/\/unoticket.io\/vi\/wp-json\/wp\/v2\/pages\/618","targetHints":{"allow":["GET"]}}],"collection":[{"href":"https:\/\/unoticket.io\/vi\/wp-json\/wp\/v2\/pages"}],"about":[{"href":"https:\/\/unoticket.io\/vi\/wp-json\/wp\/v2\/types\/page"}],"author":[{"embeddable":true,"href":"https:\/\/unoticket.io\/vi\/wp-json\/wp\/v2\/users\/1"}],"replies":[{"embeddable":true,"href":"https:\/\/unoticket.io\/vi\/wp-json\/wp\/v2\/comments?post=618"}],"version-history":[{"count":293,"href":"https:\/\/unoticket.io\/vi\/wp-json\/wp\/v2\/pages\/618\/revisions"}],"predecessor-version":[{"id":2612,"href":"https:\/\/unoticket.io\/vi\/wp-json\/wp\/v2\/pages\/618\/revisions\/2612"}],"wp:attachment":[{"href":"https:\/\/unoticket.io\/vi\/wp-json\/wp\/v2\/media?parent=618"}],"curies":[{"name":"wp","href":"https:\/\/api.w.org\/{rel}","templated":true}]}}